{"id":161,"date":"2025-04-29T15:03:22","date_gmt":"2025-04-29T15:03:22","guid":{"rendered":"https:\/\/stensionlook.com\/?page_id=161"},"modified":"2025-05-07T10:50:57","modified_gmt":"2025-05-07T10:50:57","slug":"sobre-stension-look","status":"publish","type":"page","link":"https:\/\/stensionlook.com\/en\/sobre-stension-look\/","title":{"rendered":"SOBRE STENSION LOOK"},"content":{"rendered":"<p>[et_pb_section fb_built=\u00bb1&#8243; custom_padding_last_edited=\u00bbon|phone\u00bb _builder_version=\u00bb4.27.4&#8243; _module_preset=\u00bbdefault\u00bb background_color=\u00bb#C7B358&#8243; background_image=\u00bbhttps:\/\/stensionlook.com\/wp-content\/uploads\/2025\/04\/fon-zory-13139.jpeg\u00bb background_blend=\u00bbsoft-light\u00bb z_index=\u00bb500&#8243; custom_margin=\u00bb0px||0px||true|false\u00bb custom_padding=\u00bb100px||100px||true|false\u00bb custom_padding_tablet=\u00bb100px||100px||false|false\u00bb custom_padding_phone=\u00bb0px||32px||false|false\u00bb top_divider_style=\u00bbarrow3&#8243; top_divider_color=\u00bb#FFFFFF\u00bb top_divider_flip=\u00bbvertical\u00bb global_colors_info=\u00bb{}\u00bb][et_pb_row column_structure=\u00bb3_5,2_5&#8243; use_custom_gutter=\u00bbon\u00bb gutter_width=\u00bb2&#8243; make_equal=\u00bbon\u00bb module_id=\u00bbQS\u00bb _builder_version=\u00bb4.27.4&#8243; _module_preset=\u00bbdefault\u00bb background_color=\u00bb#FFFFFF\u00bb width=\u00bb90%\u00bb custom_padding=\u00bb35px|35px|35px|35px|true|true\u00bb border_radii=\u00bbon|35px|35px|35px|35px\u00bb box_shadow_style=\u00bbpreset3&#8243; locked=\u00bboff\u00bb global_colors_info=\u00bb{}\u00bb][et_pb_column type=\u00bb3_5&#8243; _builder_version=\u00bb4.25.2&#8243; _module_preset=\u00bbdefault\u00bb animation_style=\u00bbslide\u00bb animation_direction=\u00bbbottom\u00bb animation_intensity_slide=\u00bb4%\u00bb animation_speed_curve=\u00bbease\u00bb global_colors_info=\u00bb{}\u00bb][et_pb_text _builder_version=\u00bb4.27.4&#8243; _module_preset=\u00bbdefault\u00bb header_2_text_align=\u00bbleft\u00bb header_2_text_color=\u00bb#43220A\u00bb header_2_font_size=\u00bb50px\u00bb max_width_tablet=\u00bb100%\u00bb max_width_phone=\u00bb100%\u00bb max_width_last_edited=\u00bbon|tablet\u00bb custom_margin=\u00bb0px||20px||false|false\u00bb custom_margin_last_edited=\u00bboff|phone\u00bb custom_padding=\u00bb0px||0px||false|false\u00bb header_2_font_size_tablet=\u00bb50px\u00bb header_2_font_size_phone=\u00bb30px\u00bb header_2_font_size_last_edited=\u00bbon|phone\u00bb global_colors_info=\u00bb{}\u00bb]<\/p>\n<h2><span style=\"font-weight: 400;\">Stension Look<\/span><\/h2>\n<p>[\/et_pb_text][et_pb_text _builder_version=\u00bb4.27.4&#8243; _module_preset=\u00bbdefault\u00bb text_text_color=\u00bb#43220A\u00bb text_font_size=\u00bb17px\u00bb text_line_height=\u00bb1.5em\u00bb text_orientation=\u00bbjustified\u00bb max_width_tablet=\u00bb100%\u00bb max_width_phone=\u00bb100%\u00bb max_width_last_edited=\u00bbon|tablet\u00bb custom_margin=\u00bb0px||36px||false|false\u00bb custom_padding=\u00bb0px||0px||false|false\u00bb global_colors_info=\u00bb{}\u00bb]<\/p>\n<p><span style=\"font-weight: 400;\">Somos una empresa familiar y almeriense, n<strong>uestro objetivo es poner a disposici\u00f3n a nuestros alumnos toda nuestra experiencia y ofrecerles cercan\u00eda y dedicaci\u00f3n<\/strong> para que su formaci\u00f3n sea lo m\u00e1s satisfactoria y productiva posible, acompa\u00f1\u00e1ndolos durante todo el proceso de aprendizaje y pr\u00e1cticas en empresa.<\/span><\/p>\n<p><span style=\"font-weight: 400;\">Con experiencia en formaci\u00f3n desde el a\u00f1o 2000, <strong>comenzamos a impartir el curso de Tanatopraxia en 2015<\/strong>,\u00a0 desde entonces hemos desarrollado y perfeccionado <strong>nuestro m\u00e9todo que busca la f\u00e1cil asimilaci\u00f3n y compresi\u00f3n de la materia<\/strong> para formar profesionales preparados y que trabajen con el mayor respeto.<\/span><\/p>\n<p>[\/et_pb_text][et_pb_button button_text=\u00bbContacta con nosotros \u00bb _builder_version=\u00bb4.27.4&#8243; _module_preset=\u00bbdefault\u00bb custom_button=\u00bbon\u00bb button_text_size=\u00bb16px\u00bb button_text_color=\u00bb#FFFFFF\u00bb button_bg_color=\u00bb#43220A\u00bb button_border_width=\u00bb0px\u00bb button_border_radius=\u00bb25px\u00bb box_shadow_style=\u00bbpreset3&#8243; global_colors_info=\u00bb{}\u00bb][\/et_pb_button][\/et_pb_column][et_pb_column type=\u00bb2_5&#8243; _builder_version=\u00bb4.27.4&#8243; _module_preset=\u00bbdefault\u00bb background_color=\u00bbrgba(199,179,88,0.08)\u00bb custom_padding=\u00bb20px|20px|20px|20px|false|false\u00bb custom_css_main_element=\u00bbmargin:auto\u00bb border_radii=\u00bbon|25px|25px|25px|25px\u00bb global_colors_info=\u00bb{}\u00bb][et_pb_blurb title=\u00bbExperiencia desde 2015&#8243; use_icon=\u00bbon\u00bb font_icon=\u00bb&#x52;||divi||400&#8243; icon_color=\u00bb#C7B358&#8243; image_icon_background_color=\u00bbRGBA(255,255,255,0)\u00bb icon_placement=\u00bbleft\u00bb _builder_version=\u00bb4.27.4&#8243; _module_preset=\u00bbdefault\u00bb header_text_color=\u00bb#43220A\u00bb header_font_size=\u00bb30px\u00bb body_text_color=\u00bb#C7B358&#8243; min_height=\u00bb65.8px\u00bb custom_css_blurb_title=\u00bbmargin-left:-5px;\u00bb custom_css_blurb_content=\u00bbmargin:0px;\u00bb border_color_all_image=\u00bb#43220A\u00bb global_colors_info=\u00bb{}\u00bb][\/et_pb_blurb][et_pb_blurb title=\u00bbFormaci\u00f3n presencial\u00bb use_icon=\u00bbon\u00bb font_icon=\u00bb&#x52;||divi||400&#8243; icon_color=\u00bb#C7B358&#8243; image_icon_background_color=\u00bbRGBA(255,255,255,0)\u00bb icon_placement=\u00bbleft\u00bb _builder_version=\u00bb4.27.4&#8243; _module_preset=\u00bbdefault\u00bb header_text_color=\u00bb#43220A\u00bb header_font_size=\u00bb30px\u00bb body_text_color=\u00bb#C7B358&#8243; min_height=\u00bb65.8px\u00bb custom_css_blurb_title=\u00bbmargin-left:-5px;\u00bb custom_css_blurb_content=\u00bbmargin:0px;\u00bb border_color_all_image=\u00bb#43220A\u00bb global_colors_info=\u00bb{}\u00bb][\/et_pb_blurb][et_pb_blurb title=\u00bbCursos te\u00f3rico pr\u00e1cticos\u00bb use_icon=\u00bbon\u00bb font_icon=\u00bb&#x52;||divi||400&#8243; icon_color=\u00bb#C7B358&#8243; image_icon_background_color=\u00bbRGBA(255,255,255,0)\u00bb icon_placement=\u00bbleft\u00bb _builder_version=\u00bb4.27.4&#8243; _module_preset=\u00bbdefault\u00bb header_text_color=\u00bb#43220A\u00bb header_font_size=\u00bb30px\u00bb body_text_color=\u00bb#C7B358&#8243; min_height=\u00bb65.8px\u00bb custom_css_blurb_title=\u00bbmargin-left:-5px;\u00bb custom_css_blurb_content=\u00bbmargin:0px;\u00bb border_color_all_image=\u00bb#43220A\u00bb global_colors_info=\u00bb{}\u00bb][\/et_pb_blurb][et_pb_blurb title=\u00bbPracticas reales en tanatorios\u00bb use_icon=\u00bbon\u00bb font_icon=\u00bb&#x52;||divi||400&#8243; icon_color=\u00bb#C7B358&#8243; image_icon_background_color=\u00bbRGBA(255,255,255,0)\u00bb icon_placement=\u00bbleft\u00bb _builder_version=\u00bb4.27.4&#8243; _module_preset=\u00bbdefault\u00bb header_text_color=\u00bb#43220A\u00bb header_font_size=\u00bb30px\u00bb body_text_color=\u00bb#C7B358&#8243; min_height=\u00bb65.8px\u00bb custom_css_blurb_title=\u00bbmargin-left:-5px;\u00bb custom_css_blurb_content=\u00bbmargin:0px;\u00bb border_color_all_image=\u00bb#43220A\u00bb global_colors_info=\u00bb{}\u00bb][\/et_pb_blurb][et_pb_blurb title=\u00bbGrupos reducidos\u00bb use_icon=\u00bbon\u00bb font_icon=\u00bb&#x52;||divi||400&#8243; icon_color=\u00bb#C7B358&#8243; image_icon_background_color=\u00bbRGBA(255,255,255,0)\u00bb icon_placement=\u00bbleft\u00bb _builder_version=\u00bb4.27.4&#8243; _module_preset=\u00bbdefault\u00bb header_text_color=\u00bb#43220A\u00bb header_font_size=\u00bb30px\u00bb body_text_color=\u00bb#C7B358&#8243; min_height=\u00bb65.8px\u00bb custom_css_blurb_title=\u00bbmargin-left:-5px;\u00bb custom_css_blurb_content=\u00bbmargin:0px;\u00bb border_color_all_image=\u00bb#43220A\u00bb global_colors_info=\u00bb{}\u00bb][\/et_pb_blurb][et_pb_blurb title=\u00bbAtenci\u00f3n personalizada\u00bb use_icon=\u00bbon\u00bb font_icon=\u00bb&#x52;||divi||400&#8243; icon_color=\u00bb#C7B358&#8243; image_icon_background_color=\u00bbRGBA(255,255,255,0)\u00bb icon_placement=\u00bbleft\u00bb _builder_version=\u00bb4.27.4&#8243; _module_preset=\u00bbdefault\u00bb header_text_color=\u00bb#43220A\u00bb header_font_size=\u00bb30px\u00bb body_text_color=\u00bb#C7B358&#8243; min_height=\u00bb65.8px\u00bb custom_css_blurb_title=\u00bbmargin-left:-5px;\u00bb custom_css_blurb_content=\u00bbmargin:0px;\u00bb border_color_all_image=\u00bb#43220A\u00bb global_colors_info=\u00bb{}\u00bb][\/et_pb_blurb][\/et_pb_column][\/et_pb_row][et_pb_row column_structure=\u00bb1_2,1_2&#8243; use_custom_gutter=\u00bbon\u00bb gutter_width=\u00bb1&#8243; make_equal=\u00bbon\u00bb _builder_version=\u00bb4.27.4&#8243; _module_preset=\u00bbdefault\u00bb background_color=\u00bb#C7B358&#8243; width=\u00bb95%\u00bb custom_margin=\u00bb50px||||false|false\u00bb custom_padding=\u00bb0px||0px|||\u00bb hover_enabled=\u00bb0&#8243; border_radii=\u00bbon|25px|25px|25px|25px\u00bb box_shadow_style=\u00bbpreset3&#8243; global_colors_info=\u00bb{}\u00bb sticky_enabled=\u00bb0&#8243;][et_pb_column type=\u00bb1_2&#8243; _builder_version=\u00bb4.25.2&#8243; _module_preset=\u00bbdefault\u00bb custom_padding=\u00bb150px|100px|150px|8vw|false|false\u00bb custom_padding_tablet=\u00bb100px|40px|100px|40px|false|false\u00bb custom_padding_phone=\u00bb90px|20px|80px|20px|false|false\u00bb custom_padding_last_edited=\u00bbon|tablet\u00bb global_colors_info=\u00bb{}\u00bb][et_pb_text _builder_version=\u00bb4.27.4&#8243; _module_preset=\u00bbdefault\u00bb header_2_text_align=\u00bbleft\u00bb header_2_text_color=\u00bb#43220A\u00bb header_2_font_size=\u00bb50px\u00bb max_width_tablet=\u00bb100%\u00bb max_width_phone=\u00bb100%\u00bb max_width_last_edited=\u00bbon|tablet\u00bb custom_margin=\u00bb0px||20px||false|false\u00bb custom_margin_last_edited=\u00bboff|phone\u00bb custom_padding=\u00bb0px||0px||false|false\u00bb header_2_font_size_tablet=\u00bb50px\u00bb header_2_font_size_phone=\u00bb35px\u00bb header_2_font_size_last_edited=\u00bbon|phone\u00bb locked=\u00bboff\u00bb global_colors_info=\u00bb{}\u00bb]<\/p>\n<h2><span style=\"font-weight: 400;\">\u00bfQuieres estudiar Tanatopraxia en Almer\u00eda?\u00a0<\/span><\/h2>\n<p>[\/et_pb_text][et_pb_button button_url=\u00bb#contacto\u00bb button_text=\u00bbContacta con nosotros\u00bb _builder_version=\u00bb4.27.4&#8243; _module_preset=\u00bbdefault\u00bb custom_button=\u00bbon\u00bb button_text_size=\u00bb16px\u00bb button_text_color=\u00bb#FFFFFF\u00bb button_bg_color=\u00bb#43220A\u00bb button_border_width=\u00bb0px\u00bb button_border_radius=\u00bb25px\u00bb box_shadow_style=\u00bbpreset3&#8243; locked=\u00bboff\u00bb global_colors_info=\u00bb{}\u00bb][\/et_pb_button][\/et_pb_column][et_pb_column type=\u00bb1_2&#8243; _builder_version=\u00bb4.27.4&#8243; _module_preset=\u00bbdefault\u00bb background_image=\u00bbhttps:\/\/stensionlook.com\/wp-content\/uploads\/2025\/05\/side-view-doctor-wearing-medical-gown-1-1024&#215;681.jpg\u00bb background_blend=\u00bbscreen\u00bb hover_enabled=\u00bb0&#8243; background_last_edited=\u00bbon|tablet\u00bb background_enable_image_tablet=\u00bboff\u00bb global_colors_info=\u00bb{}\u00bb title_text=\u00bbside-view-doctor-wearing-medical-gown (1)\u00bb sticky_enabled=\u00bb0&#8243;][et_pb_image src=\u00bbhttps:\/\/stensionlook.com\/wp-content\/uploads\/2025\/04\/freepik_assistant_1745569290252.png\u00bb title_text=\u00bbfreepik_assistant_1745569290252&#8243; force_fullwidth=\u00bbon\u00bb disabled_on=\u00bboff|off|on\u00bb _builder_version=\u00bb4.27.4&#8243; _module_preset=\u00bbdefault\u00bb max_height=\u00bb0px\u00bb max_height_tablet=\u00bb100%\u00bb max_height_phone=\u00bb100%\u00bb max_height_last_edited=\u00bbon|phone\u00bb custom_margin=\u00bb0px||0px||false|false\u00bb custom_padding=\u00bb0px||0px||false|false\u00bb global_colors_info=\u00bb{}\u00bb][\/et_pb_image][\/et_pb_column][\/et_pb_row][\/et_pb_section]<\/p>","protected":false},"excerpt":{"rendered":"<p>Stension LookSomos una empresa familiar y almeriense, nuestro objetivo es poner a disposici\u00f3n a nuestros alumnos toda nuestra experiencia y ofrecerles cercan\u00eda y dedicaci\u00f3n para que su formaci\u00f3n sea lo m\u00e1s satisfactoria y productiva posible, acompa\u00f1\u00e1ndolos durante todo el proceso de aprendizaje y pr\u00e1cticas en empresa. Con experiencia en formaci\u00f3n desde el a\u00f1o 2000, comenzamos [&hellip;]<\/p>","protected":false},"author":2,"featured_media":0,"parent":0,"menu_order":0,"comment_status":"closed","ping_status":"closed","template":"","meta":{"_et_pb_use_builder":"on","_et_pb_old_content":"","_et_gb_content_width":"","footnotes":""},"class_list":["post-161","page","type-page","status-publish","hentry"],"yoast_head":"<!-- This site is optimized with the Yoast SEO plugin v26.0 - https:\/\/yoast.com\/wordpress\/plugins\/seo\/ -->\n<title>SOBRE STENSION LOOK - Stension Look<\/title>\n<meta name=\"robots\" content=\"index, follow, max-snippet:-1, max-image-preview:large, max-video-preview:-1\" \/>\n<link rel=\"canonical\" href=\"https:\/\/stensionlook.com\/en\/sobre-stension-look\/\" \/>\n<meta property=\"og:locale\" content=\"en_GB\" \/>\n<meta property=\"og:type\" content=\"article\" \/>\n<meta property=\"og:title\" content=\"SOBRE STENSION LOOK - Stension Look\" \/>\n<meta property=\"og:description\" content=\"Stension LookSomos una empresa familiar y almeriense, nuestro objetivo es poner a disposici\u00f3n a nuestros alumnos toda nuestra experiencia y ofrecerles cercan\u00eda y dedicaci\u00f3n para que su formaci\u00f3n sea lo m\u00e1s satisfactoria y productiva posible, acompa\u00f1\u00e1ndolos durante todo el proceso de aprendizaje y pr\u00e1cticas en empresa. Con experiencia en formaci\u00f3n desde el a\u00f1o 2000, comenzamos [&hellip;]\" \/>\n<meta property=\"og:url\" content=\"https:\/\/stensionlook.com\/en\/sobre-stension-look\/\" \/>\n<meta property=\"og:site_name\" content=\"Stension Look\" \/>\n<meta property=\"article:publisher\" content=\"https:\/\/www.facebook.com\/stensionlook\/?locale=es_ES\" \/>\n<meta property=\"article:modified_time\" content=\"2025-05-07T10:50:57+00:00\" \/>\n<meta name=\"twitter:card\" content=\"summary_large_image\" \/>\n<meta name=\"twitter:label1\" content=\"Estimated reading time\" \/>\n\t<meta name=\"twitter:data1\" content=\"6 minutes\" \/>\n<script type=\"application\/ld+json\" class=\"yoast-schema-graph\">{\"@context\":\"https:\/\/schema.org\",\"@graph\":[{\"@type\":\"WebPage\",\"@id\":\"https:\/\/stensionlook.com\/sobre-stension-look\/\",\"url\":\"https:\/\/stensionlook.com\/sobre-stension-look\/\",\"name\":\"SOBRE STENSION LOOK - Stension Look\",\"isPartOf\":{\"@id\":\"https:\/\/stensionlook.com\/#website\"},\"datePublished\":\"2025-04-29T15:03:22+00:00\",\"dateModified\":\"2025-05-07T10:50:57+00:00\",\"breadcrumb\":{\"@id\":\"https:\/\/stensionlook.com\/sobre-stension-look\/#breadcrumb\"},\"inLanguage\":\"en-GB\",\"potentialAction\":[{\"@type\":\"ReadAction\",\"target\":[\"https:\/\/stensionlook.com\/sobre-stension-look\/\"]}]},{\"@type\":\"BreadcrumbList\",\"@id\":\"https:\/\/stensionlook.com\/sobre-stension-look\/#breadcrumb\",\"itemListElement\":[{\"@type\":\"ListItem\",\"position\":1,\"name\":\"Portada\",\"item\":\"https:\/\/stensionlook.com\/\"},{\"@type\":\"ListItem\",\"position\":2,\"name\":\"SOBRE STENSION LOOK\"}]},{\"@type\":\"WebSite\",\"@id\":\"https:\/\/stensionlook.com\/#website\",\"url\":\"https:\/\/stensionlook.com\/\",\"name\":\"Stension Look\",\"description\":\"Curso de Tanatopraxia en Almer&iacute;a\",\"publisher\":{\"@id\":\"https:\/\/stensionlook.com\/#organization\"},\"potentialAction\":[{\"@type\":\"SearchAction\",\"target\":{\"@type\":\"EntryPoint\",\"urlTemplate\":\"https:\/\/stensionlook.com\/?s={search_term_string}\"},\"query-input\":{\"@type\":\"PropertyValueSpecification\",\"valueRequired\":true,\"valueName\":\"search_term_string\"}}],\"inLanguage\":\"en-GB\"},{\"@type\":\"Organization\",\"@id\":\"https:\/\/stensionlook.com\/#organization\",\"name\":\"Stension Look\",\"url\":\"https:\/\/stensionlook.com\/\",\"logo\":{\"@type\":\"ImageObject\",\"inLanguage\":\"en-GB\",\"@id\":\"https:\/\/stensionlook.com\/#\/schema\/logo\/image\/\",\"url\":\"https:\/\/stensionlook.com\/wp-content\/uploads\/2025\/04\/cropped-Logo.png\",\"contentUrl\":\"https:\/\/stensionlook.com\/wp-content\/uploads\/2025\/04\/cropped-Logo.png\",\"width\":512,\"height\":512,\"caption\":\"Stension Look\"},\"image\":{\"@id\":\"https:\/\/stensionlook.com\/#\/schema\/logo\/image\/\"},\"sameAs\":[\"https:\/\/www.facebook.com\/stensionlook\/?locale=es_ES\"]}]}<\/script>\n<!-- \/ Yoast SEO plugin. -->","yoast_head_json":{"title":"SOBRE STENSION LOOK - Stension Look","robots":{"index":"index","follow":"follow","max-snippet":"max-snippet:-1","max-image-preview":"max-image-preview:large","max-video-preview":"max-video-preview:-1"},"canonical":"https:\/\/stensionlook.com\/en\/sobre-stension-look\/","og_locale":"en_GB","og_type":"article","og_title":"SOBRE STENSION LOOK - Stension Look","og_description":"Stension LookSomos una empresa familiar y almeriense, nuestro objetivo es poner a disposici\u00f3n a nuestros alumnos toda nuestra experiencia y ofrecerles cercan\u00eda y dedicaci\u00f3n para que su formaci\u00f3n sea lo m\u00e1s satisfactoria y productiva posible, acompa\u00f1\u00e1ndolos durante todo el proceso de aprendizaje y pr\u00e1cticas en empresa. Con experiencia en formaci\u00f3n desde el a\u00f1o 2000, comenzamos [&hellip;]","og_url":"https:\/\/stensionlook.com\/en\/sobre-stension-look\/","og_site_name":"Stension Look","article_publisher":"https:\/\/www.facebook.com\/stensionlook\/?locale=es_ES","article_modified_time":"2025-05-07T10:50:57+00:00","twitter_card":"summary_large_image","twitter_misc":{"Estimated reading time":"6 minutes"},"schema":{"@context":"https:\/\/schema.org","@graph":[{"@type":"WebPage","@id":"https:\/\/stensionlook.com\/sobre-stension-look\/","url":"https:\/\/stensionlook.com\/sobre-stension-look\/","name":"SOBRE STENSION LOOK - Stension Look","isPartOf":{"@id":"https:\/\/stensionlook.com\/#website"},"datePublished":"2025-04-29T15:03:22+00:00","dateModified":"2025-05-07T10:50:57+00:00","breadcrumb":{"@id":"https:\/\/stensionlook.com\/sobre-stension-look\/#breadcrumb"},"inLanguage":"en-GB","potentialAction":[{"@type":"ReadAction","target":["https:\/\/stensionlook.com\/sobre-stension-look\/"]}]},{"@type":"BreadcrumbList","@id":"https:\/\/stensionlook.com\/sobre-stension-look\/#breadcrumb","itemListElement":[{"@type":"ListItem","position":1,"name":"Portada","item":"https:\/\/stensionlook.com\/"},{"@type":"ListItem","position":2,"name":"SOBRE STENSION LOOK"}]},{"@type":"WebSite","@id":"https:\/\/stensionlook.com\/#website","url":"https:\/\/stensionlook.com\/","name":"Stension Look","description":"Curso de Tanatopraxia en Almer&iacute;a","publisher":{"@id":"https:\/\/stensionlook.com\/#organization"},"potentialAction":[{"@type":"SearchAction","target":{"@type":"EntryPoint","urlTemplate":"https:\/\/stensionlook.com\/?s={search_term_string}"},"query-input":{"@type":"PropertyValueSpecification","valueRequired":true,"valueName":"search_term_string"}}],"inLanguage":"en-GB"},{"@type":"Organization","@id":"https:\/\/stensionlook.com\/#organization","name":"Stension Look","url":"https:\/\/stensionlook.com\/","logo":{"@type":"ImageObject","inLanguage":"en-GB","@id":"https:\/\/stensionlook.com\/#\/schema\/logo\/image\/","url":"https:\/\/stensionlook.com\/wp-content\/uploads\/2025\/04\/cropped-Logo.png","contentUrl":"https:\/\/stensionlook.com\/wp-content\/uploads\/2025\/04\/cropped-Logo.png","width":512,"height":512,"caption":"Stension Look"},"image":{"@id":"https:\/\/stensionlook.com\/#\/schema\/logo\/image\/"},"sameAs":["https:\/\/www.facebook.com\/stensionlook\/?locale=es_ES"]}]}},"_links":{"self":[{"href":"https:\/\/stensionlook.com\/en\/wp-json\/wp\/v2\/pages\/161","targetHints":{"allow":["GET"]}}],"collection":[{"href":"https:\/\/stensionlook.com\/en\/wp-json\/wp\/v2\/pages"}],"about":[{"href":"https:\/\/stensionlook.com\/en\/wp-json\/wp\/v2\/types\/page"}],"author":[{"embeddable":true,"href":"https:\/\/stensionlook.com\/en\/wp-json\/wp\/v2\/users\/2"}],"replies":[{"embeddable":true,"href":"https:\/\/stensionlook.com\/en\/wp-json\/wp\/v2\/comments?post=161"}],"version-history":[{"count":8,"href":"https:\/\/stensionlook.com\/en\/wp-json\/wp\/v2\/pages\/161\/revisions"}],"predecessor-version":[{"id":198,"href":"https:\/\/stensionlook.com\/en\/wp-json\/wp\/v2\/pages\/161\/revisions\/198"}],"wp:attachment":[{"href":"https:\/\/stensionlook.com\/en\/wp-json\/wp\/v2\/media?parent=161"}],"curies":[{"name":"wp","href":"https:\/\/api.w.org\/{rel}","templated":true}]}}